{"id":9889,"date":"2022-09-28T17:32:22","date_gmt":"2022-09-28T14:32:22","guid":{"rendered":"https:\/\/lidagribroker.ro\/?page_id=9889"},"modified":"2023-07-21T21:11:07","modified_gmt":"2023-07-21T18:11:07","slug":"cadastru-topograf","status":"publish","type":"page","link":"https:\/\/lidagribroker.ro\/en\/cadastru-topograf\/","title":{"rendered":"TOPOGRAPHY, GEODESY, CADASTRE"},"content":{"rendered":"<div class=\"vc_row wpb_row vc_row-fluid\"><div class=\"wpb_column vc_column_container vc_col-sm-6\"><div class=\"vc_column-inner\"><div class=\"wpb_wrapper\"><div class='dt-sc-title with-right-border-decor'><h2>GEODETIC ENGINEER<\/h2><p class=\" translation-block\">with more than 10 years of experience and ANCPI (National Agency for Cadastre and Real Estate Publicity) sole proprietorship with connection to carrying out and verifying specialized works in the field of cadastre, geodesy and cartography on the Romanian territory. I carry out topographic measurements, I offer technical assistance and I draw up cadastral documents.<\/p><\/div><\/div><\/div><\/div><div class=\"wpb_column vc_column_container vc_col-sm-6\"><div class=\"vc_column-inner\"><div class=\"wpb_wrapper\"><div class='dt-sc-title with-right-border-decor'><h2>THE EXPERIENCE<\/h2><p>gained as a geodesic engineer working on construction sites in several major projects, including the Turdas railway tunnel, part of the Pan-European Railway Corridor IV, one of the most important railway infrastructure projects carried out in Romania in the last 30 years, as well as that of an authorized individual, offer me the possibility to support you promptly and professionally and offer you the most diversified services that meet your needs.<\/p><\/div><\/div><\/div><\/div><\/div><div class=\"vc_row wpb_row vc_row-fluid\"><div class=\"wpb_column vc_column_container vc_col-sm-12\"><div class=\"vc_column-inner\"><div class=\"wpb_wrapper\"><div class=\"ult-spacer spacer-69efeb6b5a014\" data-id=\"69efeb6b5a014\" data-height=\"60\" data-height-mobile=\"60\" data-height-tab=\"60\" data-height-tab-portrait=\"60\" data-height-mobile-landscape=\"60\" style=\"clear:both;display:block;\"><\/div><\/div><\/div><\/div><\/div><div class=\"vc_row wpb_row vc_row-fluid\"><div class=\"wpb_column vc_column_container vc_col-sm-12\"><div class=\"vc_column-inner\"><div class=\"wpb_wrapper\"><div class=\"ult-spacer spacer-69efeb6b5a174\" data-id=\"69efeb6b5a174\" data-height=\"60\" data-height-mobile=\"60\" data-height-tab=\"60\" data-height-tab-portrait=\"60\" data-height-mobile-landscape=\"60\" style=\"clear:both;display:block;\"><\/div><\/div><\/div><\/div><\/div><div class=\"vc_row wpb_row vc_row-fluid\"><div class=\"wpb_column vc_column_container vc_col-sm-12\"><div class=\"vc_column-inner\"><div class=\"wpb_wrapper\">\r\n\t<div class=\"wpb_text_column wpb_content_element\" >\r\n\t\t<div class=\"wpb_wrapper\">\r\n\t\t\t<p><strong>Through the experience gained over time we offer a wide range of services such as:<\/strong><\/p>\n\r\n\t\t<\/div>\r\n\t<\/div>\r\n<\/div><\/div><\/div><\/div><div class=\"vc_row wpb_row vc_row-fluid\"><div class=\"wpb_column vc_column_container vc_col-sm-6\"><div class=\"vc_column-inner\"><div class=\"wpb_wrapper\"><ul class='dt-sc-fancy-list   arrow'>\n<li class=\" translation-block\">Cadastral documentation for land registry (apartments, houses and land);<\/li>\n<li>Updates of cadastral documentation;<\/li>\n<li>Land consolidation;<\/li>\n<li>Topographical surveys;<\/li>\n<li><a href=\"http:\/\/www.topogalati.ro\" target=\"_blank\" rel=\"noopener\">Topographic elevations;<\/a>;<\/li>\n<\/ul><\/div><\/div><\/div><div class=\"wpb_column vc_column_container vc_col-sm-6\"><div class=\"vc_column-inner\"><div class=\"wpb_wrapper\"><ul class='dt-sc-fancy-list   arrow'>\n<li>Situation plans;<\/li>\n<li class=\" translation-block\">Land localization in Google Earth based on cadastral documentation;<\/li>\n<li class=\" translation-block\">On request we can create databases based on cadastral documentation;<\/li>\n<li>Technical assistance;<\/li>\n<li>Consultancy.<\/li>\n<\/ul><\/div><\/div><\/div><\/div><div class=\"vc_row wpb_row vc_row-fluid\"><div class=\"wpb_column vc_column_container vc_col-sm-12\"><div class=\"vc_column-inner\"><div class=\"wpb_wrapper\"><div class=\"ult-spacer spacer-69efeb6b5a953\" data-id=\"69efeb6b5a953\" data-height=\"60\" data-height-mobile=\"60\" data-height-tab=\"60\" data-height-tab-portrait=\"60\" data-height-mobile-landscape=\"60\" style=\"clear:both;display:block;\"><\/div>\r\n\t<div class=\"wpb_text_column wpb_content_element\" >\r\n\t\t<div class=\"wpb_wrapper\">\r\n\t\t\t<h2 style=\"text-align: center;\" class=\" translation-block\">When you need topography, geodesy, cadastral services please ask us for a freight rate to the following email address: office@lidagribroker.com<\/h2>\n\r\n\t\t<\/div>\r\n\t<\/div>\r\n<\/div><\/div><\/div><\/div><div class=\"vc_row wpb_row vc_row-fluid\"><div class=\"wpb_column vc_column_container vc_col-sm-12\"><div class=\"vc_column-inner\"><div class=\"wpb_wrapper\"><div class=\"ult-spacer spacer-69efeb6b5ac0e\" data-id=\"69efeb6b5ac0e\" data-height=\"60\" data-height-mobile=\"60\" data-height-tab=\"60\" data-height-tab-portrait=\"60\" data-height-mobile-landscape=\"60\" style=\"clear:both;display:block;\"><\/div><div class=\"vc_row wpb_row vc_inner vc_row-fluid vc_custom_1655633639481\"><div class=\"wpb_column vc_column_container vc_col-sm-3\"><div class=\"vc_column-inner vc_custom_1456385629516\"><div class=\"wpb_wrapper\"><div class='dt-sc-contact-info type4'><span class='pe-icon pe-call'> <\/span><h6>Talk to us<\/h6><strong>Phone:<\/strong> <a style=\"color: #000000 !important;\" href=\"tel:+0725400101\">+0725400101<\/a> <br><\/div><\/div><\/div><\/div><div class=\"wpb_column vc_column_container vc_col-sm-3\"><div class=\"vc_column-inner vc_custom_1456385667254\"><div class=\"wpb_wrapper\"><div class='dt-sc-contact-info type4'><span class='pe-icon pe-mail'> <\/span><h6>Mail us @<\/h6><a style=\"color: #000000 !important;\" title=\"\" href=\"mailto:office@lidagribroker.ro\">office@lidagribroker.ro <\/a> <br><\/div><\/div><\/div><\/div><div class=\"wpb_column vc_column_container vc_col-sm-3\"><div class=\"vc_column-inner vc_custom_1456385659641\"><div class=\"wpb_wrapper\"><div class='dt-sc-contact-info type4'><span class='pe-icon pe-map-marker'> <\/span><h6>Our Location<\/h6>Constanta, Romania<br><\/div><\/div><\/div><\/div><div class=\"last wpb_column vc_column_container vc_col-sm-3\"><div class=\"vc_column-inner vc_custom_1456385651028\"><div class=\"wpb_wrapper\"><div class='dt-sc-contact-info type4'><span class='pe-icon pe-timer'> <\/span><h6>Opening Hours<\/h6>Monday \u2013 Friday: 09:00 to 17:00 <br><\/div><\/div><\/div><\/div><\/div><\/div><\/div><\/div><\/div><div class=\"vc_row wpb_row vc_row-fluid\"><div class=\"wpb_column vc_column_container vc_col-sm-12\"><div class=\"vc_column-inner\"><div class=\"wpb_wrapper\"><div class=\"ult-spacer spacer-69efeb6b5b52a\" data-id=\"69efeb6b5b52a\" data-height=\"60\" data-height-mobile=\"60\" data-height-tab=\"60\" data-height-tab-portrait=\"60\" data-height-mobile-landscape=\"60\" style=\"clear:both;display:block;\"><\/div><\/div><\/div><\/div><\/div>","protected":false},"excerpt":{"rendered":"INGINER GEODEZcu peste 10 ani de experinta si Persoana Fizica Autorizata ANCPI \u00een vederea realiz\u0103rii \u0219i verific\u0103rii lucr\u0103rilor de specialitate \u00een domeniul cadastrului, geodeziei \u0219i cartografiei pe teritoriul Rom\u00e2niei relizez masuratori topografice, ofer asistenta tehnica si intocmesc documentatii de cadastru si intabulare.EXPERIENTAdob\u00e2ndit\u0103 ca inginer geodez lucr\u00e2nd pe \u0219antiere \u00een cadrul unor proiecte de anvengura printre [...]","protected":false},"author":1,"featured_media":0,"parent":0,"menu_order":0,"comment_status":"open","ping_status":"open","template":"","meta":[],"yoast_head":"<!-- This site is optimized with the Yoast SEO plugin v20.1 - https:\/\/yoast.com\/wordpress\/plugins\/seo\/ -->\n<title>TOPOGRAFIE, GEODEZIE, CADASTRU SI INTABULARE<\/title>\n<meta name=\"description\" content=\"Solicita o oferta personalizata pentru servicii de cadastru si intabulare. Solicita o oferta personalizata pentru servicii topografice.\" \/>\n<meta name=\"robots\" content=\"index, follow, max-snippet:-1, max-image-preview:large, max-video-preview:-1\" \/>\n<link rel=\"canonical\" href=\"https:\/\/lidagribroker.ro\/en\/cadastru-topograf\/\" \/>\n<meta property=\"og:locale\" content=\"en_US\" \/>\n<meta property=\"og:type\" content=\"article\" \/>\n<meta property=\"og:title\" content=\"TOPOGRAFIE, GEODEZIE, CADASTRU SI INTABULARE\" \/>\n<meta property=\"og:description\" content=\"Solicita o oferta personalizata pentru servicii de cadastru si intabulare. Solicita o oferta personalizata pentru servicii topografice.\" \/>\n<meta property=\"og:url\" content=\"https:\/\/lidagribroker.ro\/en\/cadastru-topograf\/\" \/>\n<meta property=\"og:site_name\" content=\"LidAGRI GRAIN BROKER\" \/>\n<meta property=\"article:modified_time\" content=\"2023-07-21T18:11:07+00:00\" \/>\n<meta property=\"og:image\" content=\"https:\/\/lidagribroker.ro\/wp-content\/uploads\/2023\/02\/Lidagri-Broker-logo-galben-transparent.png\" \/>\n\t<meta property=\"og:image:width\" content=\"2482\" \/>\n\t<meta property=\"og:image:height\" content=\"2481\" \/>\n\t<meta property=\"og:image:type\" content=\"image\/png\" \/>\n<meta name=\"twitter:card\" content=\"summary_large_image\" \/>\n<meta name=\"twitter:site\" content=\"@LidagriEconsult\" \/>\n<meta name=\"twitter:label1\" content=\"Est. reading time\" \/>\n\t<meta name=\"twitter:data1\" content=\"2 minutes\" \/>\n<script type=\"application\/ld+json\" class=\"yoast-schema-graph\">{\"@context\":\"https:\/\/schema.org\",\"@graph\":[{\"@type\":\"WebPage\",\"@id\":\"https:\/\/lidagribroker.ro\/cadastru-topograf\/\",\"url\":\"https:\/\/lidagribroker.ro\/cadastru-topograf\/\",\"name\":\"TOPOGRAFIE, GEODEZIE, CADASTRU SI INTABULARE\",\"isPartOf\":{\"@id\":\"https:\/\/lidagribroker.ro\/#website\"},\"datePublished\":\"2022-09-28T14:32:22+00:00\",\"dateModified\":\"2023-07-21T18:11:07+00:00\",\"description\":\"Solicita o oferta personalizata pentru servicii de cadastru si intabulare. Solicita o oferta personalizata pentru servicii topografice.\",\"breadcrumb\":{\"@id\":\"https:\/\/lidagribroker.ro\/cadastru-topograf\/#breadcrumb\"},\"inLanguage\":\"en-US\",\"potentialAction\":[{\"@type\":\"ReadAction\",\"target\":[\"https:\/\/lidagribroker.ro\/cadastru-topograf\/\"]}]},{\"@type\":\"BreadcrumbList\",\"@id\":\"https:\/\/lidagribroker.ro\/cadastru-topograf\/#breadcrumb\",\"itemListElement\":[{\"@type\":\"ListItem\",\"position\":1,\"name\":\"Home\",\"item\":\"https:\/\/lidagribroker.ro\/\"},{\"@type\":\"ListItem\",\"position\":2,\"name\":\"TOPOGRAFIE, GEODEZIE, CADASTRU SI INTABULARE\"}]},{\"@type\":\"WebSite\",\"@id\":\"https:\/\/lidagribroker.ro\/#website\",\"url\":\"https:\/\/lidagribroker.ro\/\",\"name\":\"LidAGRI BROKER | GRAIN BROKER | BROKER CEREALE\",\"description\":\"GRAIN BROKER | BROKER CEREALE\",\"publisher\":{\"@id\":\"https:\/\/lidagribroker.ro\/#organization\"},\"potentialAction\":[{\"@type\":\"SearchAction\",\"target\":{\"@type\":\"EntryPoint\",\"urlTemplate\":\"https:\/\/lidagribroker.ro\/?s={search_term_string}\"},\"query-input\":\"required name=search_term_string\"}],\"inLanguage\":\"en-US\"},{\"@type\":\"Organization\",\"@id\":\"https:\/\/lidagribroker.ro\/#organization\",\"name\":\"LidAGRI BROKER\",\"url\":\"https:\/\/lidagribroker.ro\/\",\"logo\":{\"@type\":\"ImageObject\",\"inLanguage\":\"en-US\",\"@id\":\"https:\/\/lidagribroker.ro\/#\/schema\/logo\/image\/\",\"url\":\"https:\/\/lidagribroker.ro\/wp-content\/uploads\/2023\/02\/Lidagri-Broker-logo-galben-transparent.png\",\"contentUrl\":\"https:\/\/lidagribroker.ro\/wp-content\/uploads\/2023\/02\/Lidagri-Broker-logo-galben-transparent.png\",\"width\":2482,\"height\":2481,\"caption\":\"LidAGRI BROKER\"},\"image\":{\"@id\":\"https:\/\/lidagribroker.ro\/#\/schema\/logo\/image\/\"},\"sameAs\":[\"https:\/\/twitter.com\/LidagriEconsult\",\"https:\/\/www.linkedin.com\/company\/lidagri-econsult\/\"]}]}<\/script>\n<!-- \/ Yoast SEO plugin. -->","yoast_head_json":{"title":"TOPOGRAFIE, GEODEZIE, CADASTRU SI INTABULARE","description":"Solicita o oferta personalizata pentru servicii de cadastru si intabulare. Solicita o oferta personalizata pentru servicii topografice.","robots":{"index":"index","follow":"follow","max-snippet":"max-snippet:-1","max-image-preview":"max-image-preview:large","max-video-preview":"max-video-preview:-1"},"canonical":"https:\/\/lidagribroker.ro\/en\/cadastru-topograf\/","og_locale":"en_US","og_type":"article","og_title":"TOPOGRAFIE, GEODEZIE, CADASTRU SI INTABULARE","og_description":"Solicita o oferta personalizata pentru servicii de cadastru si intabulare. Solicita o oferta personalizata pentru servicii topografice.","og_url":"https:\/\/lidagribroker.ro\/en\/cadastru-topograf\/","og_site_name":"LidAGRI GRAIN BROKER","article_modified_time":"2023-07-21T18:11:07+00:00","og_image":[{"width":2482,"height":2481,"url":"https:\/\/lidagribroker.ro\/wp-content\/uploads\/2023\/02\/Lidagri-Broker-logo-galben-transparent.png","type":"image\/png"}],"twitter_card":"summary_large_image","twitter_site":"@LidagriEconsult","twitter_misc":{"Est. reading time":"2 minutes"},"schema":{"@context":"https:\/\/schema.org","@graph":[{"@type":"WebPage","@id":"https:\/\/lidagribroker.ro\/cadastru-topograf\/","url":"https:\/\/lidagribroker.ro\/cadastru-topograf\/","name":"TOPOGRAFIE, GEODEZIE, CADASTRU SI INTABULARE","isPartOf":{"@id":"https:\/\/lidagribroker.ro\/#website"},"datePublished":"2022-09-28T14:32:22+00:00","dateModified":"2023-07-21T18:11:07+00:00","description":"Solicita o oferta personalizata pentru servicii de cadastru si intabulare. Solicita o oferta personalizata pentru servicii topografice.","breadcrumb":{"@id":"https:\/\/lidagribroker.ro\/cadastru-topograf\/#breadcrumb"},"inLanguage":"en-US","potentialAction":[{"@type":"ReadAction","target":["https:\/\/lidagribroker.ro\/cadastru-topograf\/"]}]},{"@type":"BreadcrumbList","@id":"https:\/\/lidagribroker.ro\/cadastru-topograf\/#breadcrumb","itemListElement":[{"@type":"ListItem","position":1,"name":"Home","item":"https:\/\/lidagribroker.ro\/"},{"@type":"ListItem","position":2,"name":"TOPOGRAFIE, GEODEZIE, CADASTRU SI INTABULARE"}]},{"@type":"WebSite","@id":"https:\/\/lidagribroker.ro\/#website","url":"https:\/\/lidagribroker.ro\/","name":"LidAGRI BROKER | GRAIN BROKER | BROKER CEREALE","description":"GRAIN BROKER | BROKER CEREALE","publisher":{"@id":"https:\/\/lidagribroker.ro\/#organization"},"potentialAction":[{"@type":"SearchAction","target":{"@type":"EntryPoint","urlTemplate":"https:\/\/lidagribroker.ro\/?s={search_term_string}"},"query-input":"required name=search_term_string"}],"inLanguage":"en-US"},{"@type":"Organization","@id":"https:\/\/lidagribroker.ro\/#organization","name":"LidAGRI BROKER","url":"https:\/\/lidagribroker.ro\/","logo":{"@type":"ImageObject","inLanguage":"en-US","@id":"https:\/\/lidagribroker.ro\/#\/schema\/logo\/image\/","url":"https:\/\/lidagribroker.ro\/wp-content\/uploads\/2023\/02\/Lidagri-Broker-logo-galben-transparent.png","contentUrl":"https:\/\/lidagribroker.ro\/wp-content\/uploads\/2023\/02\/Lidagri-Broker-logo-galben-transparent.png","width":2482,"height":2481,"caption":"LidAGRI BROKER"},"image":{"@id":"https:\/\/lidagribroker.ro\/#\/schema\/logo\/image\/"},"sameAs":["https:\/\/twitter.com\/LidagriEconsult","https:\/\/www.linkedin.com\/company\/lidagri-econsult\/"]}]}},"_links":{"self":[{"href":"https:\/\/lidagribroker.ro\/en\/wp-json\/wp\/v2\/pages\/9889"}],"collection":[{"href":"https:\/\/lidagribroker.ro\/en\/wp-json\/wp\/v2\/pages"}],"about":[{"href":"https:\/\/lidagribroker.ro\/en\/wp-json\/wp\/v2\/types\/page"}],"author":[{"embeddable":true,"href":"https:\/\/lidagribroker.ro\/en\/wp-json\/wp\/v2\/users\/1"}],"replies":[{"embeddable":true,"href":"https:\/\/lidagribroker.ro\/en\/wp-json\/wp\/v2\/comments?post=9889"}],"version-history":[{"count":9,"href":"https:\/\/lidagribroker.ro\/en\/wp-json\/wp\/v2\/pages\/9889\/revisions"}],"predecessor-version":[{"id":9985,"href":"https:\/\/lidagribroker.ro\/en\/wp-json\/wp\/v2\/pages\/9889\/revisions\/9985"}],"wp:attachment":[{"href":"https:\/\/lidagribroker.ro\/en\/wp-json\/wp\/v2\/media?parent=9889"}],"curies":[{"name":"wp","href":"https:\/\/api.w.org\/{rel}","templated":true}]}}